{"id":2389,"date":"2024-01-22T10:05:37","date_gmt":"2024-01-22T09:05:37","guid":{"rendered":"https:\/\/fincasantarosalia.difadi.net\/?page_id=2389"},"modified":"2024-01-22T10:23:35","modified_gmt":"2024-01-22T09:23:35","slug":"fondo-europeo-de-desarrollo-regional","status":"publish","type":"page","link":"https:\/\/www.fincasantarosalia.com\/fr\/fonds-europeen-de-developpement-regional\/","title":{"rendered":"Fonds europ\u00e9en de d\u00e9veloppement r\u00e9gional"},"content":{"rendered":"<div data-elementor-type=\"wp-page\" data-elementor-id=\"2389\" class=\"elementor elementor-2389\" data-elementor-post-type=\"page\">\n\t\t\t\t<div class=\"elementor-element elementor-element-ad7bb88 e-flex e-con-boxed e-con e-parent\" data-id=\"ad7bb88\" data-element_type=\"container\" data-settings=\"{&quot;background_background&quot;:&quot;classic&quot;}\" data-core-v316-plus=\"true\">\n\t\t\t\t\t<div class=\"e-con-inner\">\n\t\t<div class=\"elementor-element elementor-element-490cde6 e-flex e-con-boxed e-con e-child\" data-id=\"490cde6\" data-element_type=\"container\" data-settings=\"{&quot;position&quot;:&quot;absolute&quot;}\">\n\t\t\t\t\t<div class=\"e-con-inner\">\n\t\t\t\t<div class=\"elementor-element elementor-element-4459be6 elementor-widget elementor-widget-heading\" data-id=\"4459be6\" data-element_type=\"widget\" data-widget_type=\"heading.default\">\n\t\t\t\t<div class=\"elementor-widget-container\">\n\t\t\t<style>\/*! elementor - v3.20.0 - 26-03-2024 *\/\n.elementor-heading-title{padding:0;margin:0;line-height:1}.elementor-widget-heading .elementor-heading-title[class*=elementor-size-]>a{color:inherit;font-size:inherit;line-height:inherit}.elementor-widget-heading .elementor-heading-title.elementor-size-small{font-size:15px}.elementor-widget-heading .elementor-heading-title.elementor-size-medium{font-size:19px}.elementor-widget-heading .elementor-heading-title.elementor-size-large{font-size:29px}.elementor-widget-heading .elementor-heading-title.elementor-size-xl{font-size:39px}.elementor-widget-heading .elementor-heading-title.elementor-size-xxl{font-size:59px}<\/style><h1 class=\"elementor-heading-title elementor-size-default\">FONDS EUROP\u00c9EN DE D\u00c9VELOPPEMENT R\u00c9GIONAL<\/h1>\t\t<\/div>\n\t\t\t\t<\/div>\n\t\t\t\t\t<\/div>\n\t\t\t\t<\/div>\n\t\t\t\t\t<\/div>\n\t\t\t\t<\/div>\n\t\t<div class=\"elementor-element elementor-element-043f05d e-flex e-con-boxed e-con e-parent\" data-id=\"043f05d\" data-element_type=\"container\" data-core-v316-plus=\"true\">\n\t\t\t\t\t<div class=\"e-con-inner\">\n\t\t<div class=\"elementor-element elementor-element-799db61 e-con-full e-flex e-con e-child\" data-id=\"799db61\" data-element_type=\"container\">\n\t\t\t\t<div class=\"elementor-element elementor-element-aa9730c elementor-widget elementor-widget-image\" data-id=\"aa9730c\" data-element_type=\"widget\" data-widget_type=\"image.default\">\n\t\t\t\t<div class=\"elementor-widget-container\">\n\t\t\t<style>\/*! elementor - v3.20.0 - 26-03-2024 *\/\n.elementor-widget-image{text-align:center}.elementor-widget-image a{display:inline-block}.elementor-widget-image a img[src$=\".svg\"]{width:48px}.elementor-widget-image img{vertical-align:middle;display:inline-block}<\/style>\t\t\t\t\t\t\t\t\t\t<img fetchpriority=\"high\" decoding=\"async\" width=\"1446\" height=\"1229\" src=\"https:\/\/www.fincasantarosalia.com\/wp-content\/uploads\/2024\/01\/logo-union-europea.png\" class=\"attachment-full size-full wp-image-2399\" alt=\"\" srcset=\"https:\/\/www.fincasantarosalia.com\/wp-content\/uploads\/2024\/01\/logo-union-europea.png 1446w, https:\/\/www.fincasantarosalia.com\/wp-content\/uploads\/2024\/01\/logo-union-europea-300x255.png 300w, https:\/\/www.fincasantarosalia.com\/wp-content\/uploads\/2024\/01\/logo-union-europea-1024x870.png 1024w, https:\/\/www.fincasantarosalia.com\/wp-content\/uploads\/2024\/01\/logo-union-europea-768x653.png 768w, https:\/\/www.fincasantarosalia.com\/wp-content\/uploads\/2024\/01\/logo-union-europea-14x12.png 14w\" sizes=\"(max-width: 1446px) 100vw, 1446px\" title=\"\">\t\t\t\t\t\t\t\t\t\t\t\t\t<\/div>\n\t\t\t\t<\/div>\n\t\t\t\t<\/div>\n\t\t<div class=\"elementor-element elementor-element-a71fb4c e-con-full e-flex e-con e-child\" data-id=\"a71fb4c\" data-element_type=\"container\">\n\t\t\t\t<div class=\"elementor-element elementor-element-0dd2403 elementor-widget__width-inherit elementor-widget elementor-widget-text-editor\" data-id=\"0dd2403\" data-element_type=\"widget\" data-widget_type=\"text-editor.default\">\n\t\t\t\t<div class=\"elementor-widget-container\">\n\t\t\t<style>\/*! elementor - v3.20.0 - 26-03-2024 *\/\n.elementor-widget-text-editor.elementor-drop-cap-view-stacked .elementor-drop-cap{background-color:#69727d;color:#fff}.elementor-widget-text-editor.elementor-drop-cap-view-framed .elementor-drop-cap{color:#69727d;border:3px solid;background-color:transparent}.elementor-widget-text-editor:not(.elementor-drop-cap-view-default) .elementor-drop-cap{margin-top:8px}.elementor-widget-text-editor:not(.elementor-drop-cap-view-default) .elementor-drop-cap-letter{width:1em;height:1em}.elementor-widget-text-editor .elementor-drop-cap{float:left;text-align:center;line-height:1;font-size:50px}.elementor-widget-text-editor .elementor-drop-cap-letter{display:inline-block}<\/style>\t\t\t\tSanta Rosal\u00eda Gourmet SL, a \u00e9t\u00e9 b\u00e9n\u00e9ficiaire du Fonds europ\u00e9en de d\u00e9veloppement r\u00e9gional dont l&#039;objectif est d&#039;am\u00e9liorer l&#039;utilisation et la qualit\u00e9 des technologies de l&#039;information et de la communication et l&#039;acc\u00e8s \u00e0 celles-ci, et gr\u00e2ce auquel elle a mis en \u0153uvre des d\u00e9veloppements sur son site Web et des solutions avanc\u00e9es pour l&#039;\u00e9lectronique. commerce, ainsi que des actions de promotion en ligne \u00e0 travers un syst\u00e8me de paiement (SEM), des solutions de marketing par courrier \u00e9lectronique et la mise en place de syst\u00e8mes de fid\u00e9lisation pour la gestion de la client\u00e8le, pour am\u00e9liorer la comp\u00e9titivit\u00e9 et la productivit\u00e9 de l&#039;entreprise, \u00e0 partir de mars 2019. Pour cela, elle a a b\u00e9n\u00e9fici\u00e9 du soutien du programme ICT Chambers de la Chambre de Commerce, d&#039;Industrie et de Services de Burgos.\t\t\t\t\t\t<\/div>\n\t\t\t\t<\/div>\n\t\t\t\t<\/div>\n\t\t\t\t\t<\/div>\n\t\t\t\t<\/div>\n\t\t\t\t<\/div>","protected":false},"excerpt":{"rendered":"<p>FONDS EUROP\u00c9EN DE D\u00c9VELOPPEMENT R\u00c9GIONAL Santa Rosal\u00eda Gourmet SL, a \u00e9t\u00e9 b\u00e9n\u00e9ficiaire du Fonds europ\u00e9en de d\u00e9veloppement r\u00e9gional dont l&#039;objectif est d&#039;am\u00e9liorer l&#039;utilisation et la qualit\u00e9 des technologies de l&#039;information et de la communication et l&#039;acc\u00e8s \u00e0 celles-ci, et gr\u00e2ce auquel elle a mis en \u0153uvre des d\u00e9veloppements sur son site Web et solutions [\u2026]<\/p>","protected":false},"author":1,"featured_media":0,"parent":0,"menu_order":0,"comment_status":"closed","ping_status":"closed","template":"","meta":{"footnotes":""},"class_list":["post-2389","page","type-page","status-publish","hentry"],"_links":{"self":[{"href":"https:\/\/www.fincasantarosalia.com\/fr\/wp-json\/wp\/v2\/pages\/2389","targetHints":{"allow":["GET"]}}],"collection":[{"href":"https:\/\/www.fincasantarosalia.com\/fr\/wp-json\/wp\/v2\/pages"}],"about":[{"href":"https:\/\/www.fincasantarosalia.com\/fr\/wp-json\/wp\/v2\/types\/page"}],"author":[{"embeddable":true,"href":"https:\/\/www.fincasantarosalia.com\/fr\/wp-json\/wp\/v2\/users\/1"}],"replies":[{"embeddable":true,"href":"https:\/\/www.fincasantarosalia.com\/fr\/wp-json\/wp\/v2\/comments?post=2389"}],"version-history":[{"count":17,"href":"https:\/\/www.fincasantarosalia.com\/fr\/wp-json\/wp\/v2\/pages\/2389\/revisions"}],"predecessor-version":[{"id":2414,"href":"https:\/\/www.fincasantarosalia.com\/fr\/wp-json\/wp\/v2\/pages\/2389\/revisions\/2414"}],"wp:attachment":[{"href":"https:\/\/www.fincasantarosalia.com\/fr\/wp-json\/wp\/v2\/media?parent=2389"}],"curies":[{"name":"wp","href":"https:\/\/api.w.org\/{rel}","templated":true}]}}